{"id":14,"date":"2021-02-16T17:47:22","date_gmt":"2021-02-16T16:47:22","guid":{"rendered":"https:\/\/regolit.pl\/?page_id=14"},"modified":"2021-02-17T18:16:02","modified_gmt":"2021-02-17T17:16:02","slug":"strona-glowna","status":"publish","type":"page","link":"https:\/\/regolit.pl\/","title":{"rendered":"Regolit"},"content":{"rendered":"\n<ul><li>Rozwi\u0105zania w zakresie projektowania maszyn i mechanizm\u00f3w dla wszystkich bran\u017c przemys\u0142u<\/li><li>Wydruki 3D w technologii FDM oraz SLA<\/li><li>Ci\u0119cie laserem CO2<\/li><\/ul>\n","protected":false},"excerpt":{"rendered":"<p>Rozwi\u0105zania w zakresie projektowania maszyn i mechanizm\u00f3w dla wszystkich bran\u017c przemys\u0142u Wydruki 3D w technologii FDM oraz SLA Ci\u0119cie laserem CO2<\/p>\n","protected":false},"author":1,"featured_media":0,"parent":0,"menu_order":0,"comment_status":"closed","ping_status":"closed","template":"","meta":[],"_links":{"self":[{"href":"https:\/\/regolit.pl\/index.php?rest_route=\/wp\/v2\/pages\/14"}],"collection":[{"href":"https:\/\/regolit.pl\/index.php?rest_route=\/wp\/v2\/pages"}],"about":[{"href":"https:\/\/regolit.pl\/index.php?rest_route=\/wp\/v2\/types\/page"}],"author":[{"embeddable":true,"href":"https:\/\/regolit.pl\/index.php?rest_route=\/wp\/v2\/users\/1"}],"replies":[{"embeddable":true,"href":"https:\/\/regolit.pl\/index.php?rest_route=%2Fwp%2Fv2%2Fcomments&post=14"}],"version-history":[{"count":4,"href":"https:\/\/regolit.pl\/index.php?rest_route=\/wp\/v2\/pages\/14\/revisions"}],"predecessor-version":[{"id":103,"href":"https:\/\/regolit.pl\/index.php?rest_route=\/wp\/v2\/pages\/14\/revisions\/103"}],"wp:attachment":[{"href":"https:\/\/regolit.pl\/index.php?rest_route=%2Fwp%2Fv2%2Fmedia&parent=14"}],"curies":[{"name":"wp","href":"https:\/\/api.w.org\/{rel}","templated":true}]}}