{"id":40,"date":"2021-02-16T17:54:14","date_gmt":"2021-02-16T16:54:14","guid":{"rendered":"https:\/\/regolit.pl\/?page_id=40"},"modified":"2021-02-22T21:41:06","modified_gmt":"2021-02-22T20:41:06","slug":"druk-3d","status":"publish","type":"page","link":"https:\/\/regolit.pl\/?page_id=40","title":{"rendered":"Druk 3D"},"content":{"rendered":"\n<p>Wykonujemy wydruki 3D:<\/p>\n\n\n\n<ul><li><span style=\"font-size: 1rem;\">funkcjonalnych i wytrzyma\u0142ych cz\u0119\u015bci maszyn<\/span><\/li><li>narz\u0119dzi i szablon\u00f3w produkcyjnych<\/li><li>element\u00f3w stanowisk monta\u017cowych<\/li><li>wyrob\u00f3w medycznych &#8211; adaptery do masek, przy\u0142bice<\/li><li>wk\u0142adek do form wtryskowych<\/li><li>sprawdzian\u00f3w kszta\u0142tu<\/li><li>modeli odlewniczych<\/li><li>miniaturowych modeli koncepcyjnych<\/li><li>gad\u017cet\u00f3w reklamowych<\/li><li>makiet architektonicznych<\/li><li>prototyp\u00f3w<\/li><li>bi\u017cuterii<\/li><li>figurek<\/li><li>i wiele innych\u2026<\/li><\/ul>\n\n\n\n<p>Skontaktuj si\u0119 z nami i skorzystaj z do\u015bwiadczenia naszych ekspert\u00f3w od technologii przyrostowych. Prze\u015blij projekt, model lub jego szkic, aby otrzyma\u0107 bezp\u0142atn\u0105 porad\u0119 odno\u015bnie doboru optymalnej technologii druku 3D oraz szczeg\u00f3\u0142ow\u0105 wycen\u0119.<\/p>\n\n\n\n<p>Preferowany format plik\u00f3w:\u00a0.step, .stp, .stl, .obj, .x_t, <\/p>\n\n\n\n<figure class=\"wp-block-image size-large\"><img loading=\"lazy\" width=\"1024\" height=\"683\" src=\"https:\/\/regolit.pl\/wp-content\/uploads\/2021\/02\/strona10-1024x683.jpg\" alt=\"\" class=\"wp-image-126\" srcset=\"https:\/\/regolit.pl\/wp-content\/uploads\/2021\/02\/strona10-1024x683.jpg 1024w, https:\/\/regolit.pl\/wp-content\/uploads\/2021\/02\/strona10-300x200.jpg 300w, https:\/\/regolit.pl\/wp-content\/uploads\/2021\/02\/strona10-768x512.jpg 768w, https:\/\/regolit.pl\/wp-content\/uploads\/2021\/02\/strona10-1536x1024.jpg 1536w, https:\/\/regolit.pl\/wp-content\/uploads\/2021\/02\/strona10-2048x1365.jpg 2048w\" sizes=\"(max-width: 706px) 89vw, (max-width: 767px) 82vw, 740px\" \/><\/figure>\n","protected":false},"excerpt":{"rendered":"<p>Wykonujemy wydruki 3D: funkcjonalnych i wytrzyma\u0142ych cz\u0119\u015bci maszyn narz\u0119dzi i szablon\u00f3w produkcyjnych element\u00f3w stanowisk monta\u017cowych wyrob\u00f3w medycznych &#8211; adaptery do masek, przy\u0142bice wk\u0142adek do form wtryskowych sprawdzian\u00f3w kszta\u0142tu modeli odlewniczych miniaturowych modeli koncepcyjnych gad\u017cet\u00f3w reklamowych makiet architektonicznych prototyp\u00f3w bi\u017cuterii figurek i wiele innych\u2026 Skontaktuj si\u0119 z nami i skorzystaj z do\u015bwiadczenia naszych ekspert\u00f3w od technologii &hellip; <\/p>\n<p class=\"link-more\"><a href=\"https:\/\/regolit.pl\/?page_id=40\" class=\"more-link\">Continue reading<span class=\"screen-reader-text\"> &#8220;Druk 3D&#8221;<\/span><\/a><\/p>\n","protected":false},"author":1,"featured_media":0,"parent":0,"menu_order":0,"comment_status":"closed","ping_status":"closed","template":"","meta":[],"_links":{"self":[{"href":"https:\/\/regolit.pl\/index.php?rest_route=\/wp\/v2\/pages\/40"}],"collection":[{"href":"https:\/\/regolit.pl\/index.php?rest_route=\/wp\/v2\/pages"}],"about":[{"href":"https:\/\/regolit.pl\/index.php?rest_route=\/wp\/v2\/types\/page"}],"author":[{"embeddable":true,"href":"https:\/\/regolit.pl\/index.php?rest_route=\/wp\/v2\/users\/1"}],"replies":[{"embeddable":true,"href":"https:\/\/regolit.pl\/index.php?rest_route=%2Fwp%2Fv2%2Fcomments&post=40"}],"version-history":[{"count":7,"href":"https:\/\/regolit.pl\/index.php?rest_route=\/wp\/v2\/pages\/40\/revisions"}],"predecessor-version":[{"id":130,"href":"https:\/\/regolit.pl\/index.php?rest_route=\/wp\/v2\/pages\/40\/revisions\/130"}],"wp:attachment":[{"href":"https:\/\/regolit.pl\/index.php?rest_route=%2Fwp%2Fv2%2Fmedia&parent=40"}],"curies":[{"name":"wp","href":"https:\/\/api.w.org\/{rel}","templated":true}]}}