{"id":41,"date":"2021-02-16T17:54:14","date_gmt":"2021-02-16T16:54:14","guid":{"rendered":"https:\/\/regolit.pl\/?page_id=41"},"modified":"2021-02-17T18:05:00","modified_gmt":"2021-02-17T17:05:00","slug":"ciecie-laserem-co2","status":"publish","type":"page","link":"https:\/\/regolit.pl\/?page_id=41","title":{"rendered":"Ci\u0119cie laserem CO2"},"content":{"rendered":"\n<p>Oferujemy ci\u0119cie i grawerowanie laserem CO2 o polu roboczym 140cm x 90cm.<\/p>\n\n\n\n<p>Materia\u0142y, kt\u00f3re mo\u017cna obrabia\u0107 laserem CO2<\/p>\n\n\n\n<ul><li>PMMA (plexi)<\/li><li>sklejka<\/li><li>drewno lite<\/li><li>kamie\u0144<\/li><li>papier \/ tektura<\/li><li>tekstylia<\/li><li>laminaty grawerskie<\/li><\/ul>\n\n\n\n<figure class=\"wp-block-image\"><img loading=\"lazy\" width=\"1024\" height=\"681\" src=\"https:\/\/regolit.pl\/wp-content\/uploads\/2021\/02\/strona8-scaled-e1613581352292-1024x681.jpg\" alt=\"\" class=\"wp-image-83\" srcset=\"https:\/\/regolit.pl\/wp-content\/uploads\/2021\/02\/strona8-scaled-e1613581352292-1024x681.jpg 1024w, https:\/\/regolit.pl\/wp-content\/uploads\/2021\/02\/strona8-scaled-e1613581352292-300x200.jpg 300w, https:\/\/regolit.pl\/wp-content\/uploads\/2021\/02\/strona8-scaled-e1613581352292-768x511.jpg 768w, https:\/\/regolit.pl\/wp-content\/uploads\/2021\/02\/strona8-scaled-e1613581352292-1536x1022.jpg 1536w, https:\/\/regolit.pl\/wp-content\/uploads\/2021\/02\/strona8-scaled-e1613581352292-2048x1362.jpg 2048w\" sizes=\"(max-width: 706px) 89vw, (max-width: 767px) 82vw, 740px\" \/><\/figure>\n","protected":false},"excerpt":{"rendered":"<p>Oferujemy ci\u0119cie i grawerowanie laserem CO2 o polu roboczym 140cm x 90cm. Materia\u0142y, kt\u00f3re mo\u017cna obrabia\u0107 laserem CO2 PMMA (plexi) sklejka drewno lite kamie\u0144 papier \/ tektura tekstylia laminaty grawerskie<\/p>\n","protected":false},"author":1,"featured_media":0,"parent":0,"menu_order":0,"comment_status":"closed","ping_status":"closed","template":"","meta":[],"_links":{"self":[{"href":"https:\/\/regolit.pl\/index.php?rest_route=\/wp\/v2\/pages\/41"}],"collection":[{"href":"https:\/\/regolit.pl\/index.php?rest_route=\/wp\/v2\/pages"}],"about":[{"href":"https:\/\/regolit.pl\/index.php?rest_route=\/wp\/v2\/types\/page"}],"author":[{"embeddable":true,"href":"https:\/\/regolit.pl\/index.php?rest_route=\/wp\/v2\/users\/1"}],"replies":[{"embeddable":true,"href":"https:\/\/regolit.pl\/index.php?rest_route=%2Fwp%2Fv2%2Fcomments&post=41"}],"version-history":[{"count":5,"href":"https:\/\/regolit.pl\/index.php?rest_route=\/wp\/v2\/pages\/41\/revisions"}],"predecessor-version":[{"id":101,"href":"https:\/\/regolit.pl\/index.php?rest_route=\/wp\/v2\/pages\/41\/revisions\/101"}],"wp:attachment":[{"href":"https:\/\/regolit.pl\/index.php?rest_route=%2Fwp%2Fv2%2Fmedia&parent=41"}],"curies":[{"name":"wp","href":"https:\/\/api.w.org\/{rel}","templated":true}]}}